{"id":198,"date":"2020-08-11T16:25:58","date_gmt":"2020-08-11T14:25:58","guid":{"rendered":"http:\/\/hidayetkorkmaz.com\/?page_id=198"},"modified":"2023-11-16T10:26:21","modified_gmt":"2023-11-16T08:26:21","slug":"sirket-kurulusu","status":"publish","type":"page","link":"https:\/\/hidayetkorkmaz.com\/index.php\/sirket-kurulusu\/","title":{"rendered":"\u015eirket Kurulu\u015fu"},"content":{"rendered":"<p>[et_pb_section transparent_background=&#8221;off&#8221; allow_player_pause=&#8221;off&#8221; inner_shadow=&#8221;off&#8221; parallax=&#8221;off&#8221; parallax_method=&#8221;on&#8221; padding_mobile=&#8221;off&#8221; make_fullwidth=&#8221;off&#8221; use_custom_width=&#8221;off&#8221; width_unit=&#8221;off&#8221; custom_width_px=&#8221;1080px&#8221; custom_width_percent=&#8221;80%&#8221; make_equal=&#8221;off&#8221; use_custom_gutter=&#8221;off&#8221; fullwidth=&#8221;off&#8221; specialty=&#8221;off&#8221; admin_label=&#8221;section&#8221; disabled=&#8221;off&#8221;][et_pb_row make_fullwidth=&#8221;off&#8221; use_custom_width=&#8221;off&#8221; width_unit=&#8221;off&#8221; custom_width_px=&#8221;1080px&#8221; custom_width_percent=&#8221;80%&#8221; use_custom_gutter=&#8221;off&#8221; gutter_width=&#8221;3&#8243; padding_mobile=&#8221;off&#8221; allow_player_pause=&#8221;off&#8221; parallax=&#8221;off&#8221; parallax_method=&#8221;on&#8221; make_equal=&#8221;off&#8221; column_padding_mobile=&#8221;on&#8221; parallax_1=&#8221;off&#8221; parallax_method_1=&#8221;on&#8221; parallax_2=&#8221;off&#8221; parallax_method_2=&#8221;on&#8221; parallax_3=&#8221;off&#8221; parallax_method_3=&#8221;on&#8221; parallax_4=&#8221;off&#8221; parallax_method_4=&#8221;on&#8221; admin_label=&#8221;row&#8221; disabled=&#8221;off&#8221;][et_pb_column type=&#8221;4_4&#8243; disabled=&#8221;off&#8221; parallax=&#8221;off&#8221; parallax_method=&#8221;on&#8221; column_padding_mobile=&#8221;on&#8221;][et_pb_accordion disabled_on=&#8221;off|off|off&#8221; admin_label=&#8221;Hidayet KORKMAZ&#8221; toggle_font_size=&#8221;21px&#8221; toggle_text_color=&#8221;#0c71c3&#8243; toggle_letter_spacing=&#8221;1px&#8221; toggle_line_height=&#8221;1.5em&#8221; body_text_color=&#8221;#000000&#8243; body_line_height=&#8221;1.8em&#8221; use_border_color=&#8221;on&#8221; border_color=&#8221;#ffffff&#8221; border_width=&#8221;1px&#8221; border_style=&#8221;solid&#8221; disabled=&#8221;off&#8221;][et_pb_accordion_item title=&#8221;\u015eirket Kurulu\u015fu ve De\u011fi\u015fiklik \u0130\u015flemleri Hizmetlerimiz&#8221; open=&#8221;on&#8221; use_border_color=&#8221;off&#8221; border_color=&#8221;#ffffff&#8221; border_width=&#8221;1px&#8221; border_style=&#8221;solid&#8221; disabled=&#8221;off&#8221;]<\/p>\n<p style=\"text-align: justify;\">&nbsp; &nbsp; &nbsp; &nbsp; Giri\u015fimcinin talepleri ve verece\u011fi bilgiler \u0131\u015f\u0131\u011f\u0131nda \u015eirketin kurulu\u015f amac\u0131, faaliyet konusu, ortak say\u0131s\u0131, temsil yetkisi, sorumluluk vb. bak\u0131mlardan de\u011ferlendirilerek;<\/p>\n<ol style=\"text-align: justify;\">\n<li>&Ouml;ncelikle t&uuml;m \u015firket t&uuml;rlerinin kurulu\u015funda ve faaliyet a\u015famas\u0131nda yasal yapt\u0131r\u0131mlara maruz kalmamak i&ccedil;in, \u015firketin faaliyet d&ouml;nemini g&ouml;z &ouml;n&uuml;nde bulundurarak kar\u015f\u0131la\u015fabilece\u011finiz yasal y&uuml;k&uuml;ml&uuml;k&uuml;kleri &ouml;ng&ouml;rebilecek ve \u015firket kurulu\u015f s&uuml;reci ve faaliyet d&ouml;neminde s&uuml;rekli g&uuml;ncellenen mevzuatlara ve e d&ouml;n&uuml;\u015f&uuml;m s&uuml;re&ccedil;lerine hakim bir <strong>Mali M&uuml;\u015favir<\/strong> ile anla\u015fmal\u0131s\u0131n\u0131z.&nbsp;<\/li>\n<li>A\u015fa\u011f\u0131da belirtilmi\u015f olan \u015firket t&uuml;rlerin en uygun t&uuml;r&uuml;n se&ccedil;ilmesi sa\u011flan\u0131r,\n<ul>\n<li>\u015eah\u0131s \u015eirketleri (Esnaf, Tacir, Serbest Meslek Erbab\u0131) Kurulu\u015fu<\/li>\n<li>Limited \u015eirketi Kurulu\u015fu<\/li>\n<li>Anonim \u015eirketi Kurulu\u015fu<\/li>\n<\/ul>\n<\/li>\n<li>\u015eirket ana s&ouml;zle\u015fmesinin a\u015fa\u011f\u0131daki maddeler belirlenerek haz\u0131rlan\u0131r ve Ticaret Odas\u0131 kayd\u0131 yapt\u0131r\u0131larak Ticaret Sicilinde ilan\u0131 ile kurulu\u015f i\u015flemi tamamlan\u0131r,&nbsp;\n<ul>\n<li>\u015eirket &uuml;nvan\u0131<\/li>\n<li>\u015eirket ana faaliyet konusu ve faaliyet g&ouml;stermesi muhtemel di\u011fer faaliyet konular\u0131<\/li>\n<li>\u015eirket ana faaliyet konusu ve di\u011fer konular\u0131n detayl\u0131 ve Ticaret Sicil M&uuml;d&uuml;rl&uuml;\u011f&uuml; taraf\u0131ndan kabul g&ouml;recek do\u011frultuda ve \u015firketin faaliyet d&ouml;neminde Ana S&ouml;zle\u015fme tadilat\u0131na ihtiya&ccedil; duymayaca\u011f\u0131 en kapsaml\u0131 \u015fekilde haz\u0131rlanmas\u0131<\/li>\n<li>\u015eirket ortaklar\u0131 ve hisseleri (T&uuml;m \u015firketler tek ortakl\u0131 olarak kurulabilirler)<\/li>\n<li>\u015eirketi temsil edecek \u015eirket M&uuml;d&uuml;r&uuml;<\/li>\n<li>\u015eirket sermayesi ve paylar\u0131<\/li>\n<li>\u015eirket merkez adresi<\/li>\n<\/ul>\n<\/li>\n<li>\u015eirketin t&uuml;r&uuml;ne g&ouml;re tutulmas\u0131 gereken defter tastik i\u015flemleri tamamlan\u0131r,<\/li>\n<li>E-d&ouml;n&uuml;\u015f&uuml;m s&uuml;re&ccedil;leri kapsam\u0131nda Gelir \u0130daresi Ba\u015fkanl\u0131\u011f\u0131 taraf\u0131ndan belirlenmi\u015f olan zorunluluk kapsam\u0131na girdi\u011fi e-d&ouml;n&uuml;\u015f&uuml;m s&uuml;re&ccedil;lerine dahil edilir,<\/li>\n<li>Vergi Dairesi i\u015fe ba\u015flama ba\u015fvurusu yap\u0131larak yoklama ve tescil s&uuml;re&ccedil;leri tamamlan\u0131r varsa yazarkasa ba\u015fvurusunda bulunulur,<\/li>\n<li>Gelir \u0130daresi Ba\u015fkanl\u0131\u011f\u0131n\u0131n zorunlu Elektronik Tebligat sistemine ve yine 7201 say\u0131l\u0131 tebligat kanununa g&ouml;re zorunlu UETS (Ulusal Elektronik Tebli\u011fgat Sistemi) kayd\u0131 tamamlan\u0131r,&nbsp;<\/li>\n<li>Sosyal G&uuml;venlik Kurumu i\u015fe ba\u015flama ve i\u015fe giri\u015f ba\u015fvurular\u0131 tamamlan\u0131r (\u0130\u015f&ccedil;i &ccedil;al\u0131\u015ft\u0131r\u0131lmayacak ise ba\u015fvuru yap\u0131lmaz),<\/li>\n<li>Kosgeb, SGK, Sanayi Ticaret Bakanl\u0131\u011f\u0131 vb. kurulu\u0131\u015flarla ilgili g&uuml;ncel te\u015fviklerin bilgilendirilimesi yap\u0131l\u0131r (talep halinde dan\u0131\u015fmanl\u0131k sa\u011flan\u0131r),<\/li>\n<li>Belediye (i\u015fyeri ruhsat\u0131, taleba vb.) i\u015flemleri ile ilgili bilgilendirmeler yap\u0131larak ba\u015fvurular\u0131n tamamlanmas\u0131 sa\u011flan\u0131r,&nbsp;<\/li>\n<\/ol>\n<p>&nbsp;<\/p>\n<p>&nbsp;<\/p>\n<p>[\/et_pb_accordion_item][\/et_pb_accordion][\/et_pb_column][\/et_pb_row][\/et_pb_section]<\/p>\n","protected":false},"excerpt":{"rendered":"<p>[et_pb_section transparent_background=&#8221;off&#8221; allow_player_pause=&#8221;off&#8221; inner_shadow=&#8221;off&#8221; parallax=&#8221;off&#8221; parallax_method=&#8221;on&#8221; padding_mobile=&#8221;off&#8221; make_fullwidth=&#8221;off&#8221; use_custom_width=&#8221;off&#8221; width_unit=&#8221;off&#8221; custom_width_px=&#8221;1080px&#8221; custom_width_percent=&#8221;80%&#8221; make_equal=&#8221;off&#8221; use_custom_gutter=&#8221;off&#8221; fullwidth=&#8221;off&#8221; specialty=&#8221;off&#8221; admin_label=&#8221;section&#8221; disabled=&#8221;off&#8221;][et_pb_row make_fullwidth=&#8221;off&#8221; use_custom_width=&#8221;off&#8221; width_unit=&#8221;off&#8221; custom_width_px=&#8221;1080px&#8221; custom_width_percent=&#8221;80%&#8221; use_custom_gutter=&#8221;off&#8221; gutter_width=&#8221;3&#8243; padding_mobile=&#8221;off&#8221; allow_player_pause=&#8221;off&#8221; parallax=&#8221;off&#8221; parallax_method=&#8221;on&#8221; make_equal=&#8221;off&#8221; column_padding_mobile=&#8221;on&#8221; parallax_1=&#8221;off&#8221; parallax_method_1=&#8221;on&#8221; parallax_2=&#8221;off&#8221; parallax_method_2=&#8221;on&#8221; parallax_3=&#8221;off&#8221; parallax_method_3=&#8221;on&#8221; parallax_4=&#8221;off&#8221; parallax_method_4=&#8221;on&#8221; admin_label=&#8221;row&#8221; disabled=&#8221;off&#8221;][et_pb_column type=&#8221;4_4&#8243; disabled=&#8221;off&#8221; parallax=&#8221;off&#8221; parallax_method=&#8221;on&#8221; column_padding_mobile=&#8221;on&#8221;][et_pb_accordion disabled_on=&#8221;off|off|off&#8221; admin_label=&#8221;Hidayet KORKMAZ&#8221; toggle_font_size=&#8221;21px&#8221; toggle_text_color=&#8221;#0c71c3&#8243; toggle_letter_spacing=&#8221;1px&#8221; toggle_line_height=&#8221;1.5em&#8221; body_text_color=&#8221;#000000&#8243; body_line_height=&#8221;1.8em&#8221; [&hellip;]<\/p>\n","protected":false},"author":2,"featured_media":0,"parent":0,"menu_order":0,"comment_status":"closed","ping_status":"closed","template":"","meta":{"footnotes":""},"class_list":["post-198","page","type-page","status-publish","hentry"],"_links":{"self":[{"href":"https:\/\/hidayetkorkmaz.com\/index.php\/wp-json\/wp\/v2\/pages\/198","targetHints":{"allow":["GET"]}}],"collection":[{"href":"https:\/\/hidayetkorkmaz.com\/index.php\/wp-json\/wp\/v2\/pages"}],"about":[{"href":"https:\/\/hidayetkorkmaz.com\/index.php\/wp-json\/wp\/v2\/types\/page"}],"author":[{"embeddable":true,"href":"https:\/\/hidayetkorkmaz.com\/index.php\/wp-json\/wp\/v2\/users\/2"}],"replies":[{"embeddable":true,"href":"https:\/\/hidayetkorkmaz.com\/index.php\/wp-json\/wp\/v2\/comments?post=198"}],"version-history":[{"count":5,"href":"https:\/\/hidayetkorkmaz.com\/index.php\/wp-json\/wp\/v2\/pages\/198\/revisions"}],"predecessor-version":[{"id":206,"href":"https:\/\/hidayetkorkmaz.com\/index.php\/wp-json\/wp\/v2\/pages\/198\/revisions\/206"}],"wp:attachment":[{"href":"https:\/\/hidayetkorkmaz.com\/index.php\/wp-json\/wp\/v2\/media?parent=198"}],"curies":[{"name":"wp","href":"https:\/\/api.w.org\/{rel}","templated":true}]}}